{"id":8,"date":"2018-01-11T10:41:53","date_gmt":"2018-01-11T10:41:53","guid":{"rendered":"http:\/\/lettera.es\/?page_id=8"},"modified":"2020-02-18T08:09:57","modified_gmt":"2020-02-18T08:09:57","slug":"clientes","status":"publish","type":"page","link":"http:\/\/lettera.es\/en\/clientes\/","title":{"rendered":"CLIENTS"},"content":{"rendered":"<p>&nbsp;<br \/>\n    \t<script>\r\n\t\/*\r\n *  Initialize the slider\r\n *\/\r\n\r\n\t\tjQuery(document).ready(function($){ \r\n\t\t\tjQuery(\"#wpaft-logo-slider-default\").owlCarousel({\r\n\t\t\t\titems: \t\t\t\tNumber(wpaft.items),\r\n\t\t\t\tslideSpeed: \t\tNumber(wpaft.slide_speed),\r\n\t\t\t\tpaginationSpeed: \tNumber(wpaft.pagination_speed),\r\n\t\t\t\trewindSpeed: \t\tNumber(wpaft.rewind_speed),\r\n\t\t\t\tsingleItem: \t\tBoolean('1' == wpaft.single_item),\r\n\t\t\t\tautoPlay: \t\t\tBoolean('1' == wpaft.auto_play),\r\n\t\t\t\tstopOnHover: \t\tBoolean('1' == wpaft.stop_on_hover),\r\n\t\t\t\tnavigation: \t\tBoolean('1' == wpaft.navigation),\r\n\t\t\t\tpagination: \t\tBoolean('1' == wpaft.pagination),\r\n\t\t\t\tresponsive: \t\tBoolean('1' == wpaft.responsive)\r\n\t\t\t});\r\n\t\t});\r\n\t<\/script>\r\n\t<div id=\"wpaft-logo-slider-default\" class=\"owl-carousel\">\r\n\t\t\r\n\t<div class=\"logo-container\">\r\n\t\t\t<img decoding=\"async\" width=\"145\" height=\"145\" src=\"http:\/\/lettera.es\/wp-content\/uploads\/2018\/01\/Holcim-logo.jpg\" class=\"attachment-full size-full wp-post-image\" alt=\"\" \/>\t\t\t\t\t\r\n\t<\/div>\r\n\t\t\r\n\t<div class=\"logo-container\">\r\n\t\t\t<img decoding=\"async\" width=\"145\" height=\"145\" src=\"http:\/\/lettera.es\/wp-content\/uploads\/2018\/01\/Seairtech-logo.jpg\" class=\"attachment-full size-full wp-post-image\" alt=\"\" \/>\t\t\t\t\t\r\n\t<\/div>\r\n\t\t\r\n\t<div class=\"logo-container\">\r\n\t\t\t<img decoding=\"async\" width=\"145\" height=\"145\" src=\"http:\/\/lettera.es\/wp-content\/uploads\/2018\/01\/Logo_republique_francaise_-_pr\u00e9fecture_allier.jpg\" class=\"attachment-full size-full wp-post-image\" alt=\"\" \/>\t\t\t\t\t\r\n\t<\/div>\r\n\t\t\r\n\t<div class=\"logo-container\">\r\n\t\t\t<img loading=\"lazy\" decoding=\"async\" width=\"145\" height=\"145\" src=\"http:\/\/lettera.es\/wp-content\/uploads\/2018\/01\/COMPANIALOGISTICAHIDROCARBUROS.jpg\" class=\"attachment-full size-full wp-post-image\" alt=\"\" \/>\t\t\t\t\t\r\n\t<\/div>\r\n\t\t\r\n\t<div class=\"logo-container\">\r\n\t\t\t<img loading=\"lazy\" decoding=\"async\" width=\"145\" height=\"145\" src=\"http:\/\/lettera.es\/wp-content\/uploads\/2018\/01\/DEUTESCHE.jpg\" class=\"attachment-full size-full wp-post-image\" alt=\"\" \/>\t\t\t\t\t\r\n\t<\/div>\r\n\t\t\r\n\t<div class=\"logo-container\">\r\n\t\t\t<img loading=\"lazy\" decoding=\"async\" width=\"145\" height=\"145\" src=\"http:\/\/lettera.es\/wp-content\/uploads\/2018\/01\/vodafone-Logo.jpg\" class=\"attachment-full size-full wp-post-image\" alt=\"\" \/>\t\t\t\t\t\r\n\t<\/div>\r\n\t\t\r\n\t<div class=\"logo-container\">\r\n\t\t\t<img loading=\"lazy\" decoding=\"async\" width=\"145\" height=\"145\" src=\"http:\/\/lettera.es\/wp-content\/uploads\/2018\/01\/ACCENTURE.jpg\" class=\"attachment-full size-full wp-post-image\" alt=\"\" \/>\t\t\t\t\t\r\n\t<\/div>\r\n\t\t\r\n\t<div class=\"logo-container\">\r\n\t\t\t<img loading=\"lazy\" decoding=\"async\" width=\"145\" height=\"145\" src=\"http:\/\/lettera.es\/wp-content\/uploads\/2018\/01\/unesco_logo.jpg\" class=\"attachment-full size-full wp-post-image\" alt=\"\" \/>\t\t\t\t\t\r\n\t<\/div>\r\n\t\t\r\n\t<div class=\"logo-container\">\r\n\t\t\t<img loading=\"lazy\" decoding=\"async\" width=\"145\" height=\"145\" src=\"http:\/\/lettera.es\/wp-content\/uploads\/2018\/01\/bird_1.jpg\" class=\"attachment-full size-full wp-post-image\" alt=\"\" \/>\t\t\t\t\t\r\n\t<\/div>\r\n\t\t\r\n\t<div class=\"logo-container\">\r\n\t\t\t<img loading=\"lazy\" decoding=\"async\" width=\"145\" height=\"145\" src=\"http:\/\/lettera.es\/wp-content\/uploads\/2018\/01\/SUMMIT.jpg\" class=\"attachment-full size-full wp-post-image\" alt=\"\" \/>\t\t\t\t\t\r\n\t<\/div>\r\n\t\t\r\n\t<div class=\"logo-container\">\r\n\t\t\t<img loading=\"lazy\" decoding=\"async\" width=\"145\" height=\"145\" src=\"http:\/\/lettera.es\/wp-content\/uploads\/2018\/01\/logo-red_electrica.jpg\" class=\"attachment-full size-full wp-post-image\" alt=\"\" \/>\t\t\t\t\t\r\n\t<\/div>\r\n\t\t\r\n\t<div class=\"logo-container\">\r\n\t\t\t<img loading=\"lazy\" decoding=\"async\" width=\"145\" height=\"145\" src=\"http:\/\/lettera.es\/wp-content\/uploads\/2018\/01\/logo-Agencia-tributaria.jpg\" class=\"attachment-full size-full wp-post-image\" alt=\"\" \/>\t\t\t\t\t\r\n\t<\/div>\r\n\t\t\r\n\t<div class=\"logo-container\">\r\n\t\t\t<img loading=\"lazy\" decoding=\"async\" width=\"145\" height=\"145\" src=\"http:\/\/lettera.es\/wp-content\/uploads\/2018\/01\/TUI.jpg\" class=\"attachment-full size-full wp-post-image\" alt=\"\" \/>\t\t\t\t\t\r\n\t<\/div>\r\n\t\t\r\n\t<div class=\"logo-container\">\r\n\t\t\t<img loading=\"lazy\" decoding=\"async\" width=\"145\" height=\"145\" src=\"http:\/\/lettera.es\/wp-content\/uploads\/2018\/01\/logo-firma-FG.jpg\" class=\"attachment-full size-full wp-post-image\" alt=\"\" \/>\t\t\t\t\t\r\n\t<\/div>\r\n\t\t\r\n\t<div class=\"logo-container\">\r\n\t\t\t<img loading=\"lazy\" decoding=\"async\" width=\"145\" height=\"145\" src=\"http:\/\/lettera.es\/wp-content\/uploads\/2018\/01\/Logotipo_del_Ministerio_de_Justicia.jpg\" class=\"attachment-full size-full wp-post-image\" alt=\"\" \/>\t\t\t\t\t\r\n\t<\/div>\r\n\t\t\r\n\t<div class=\"logo-container\">\r\n\t\t\t<img loading=\"lazy\" decoding=\"async\" width=\"145\" height=\"145\" src=\"http:\/\/lettera.es\/wp-content\/uploads\/2018\/01\/logo-cam-255x255x80-5.jpg\" class=\"attachment-full size-full wp-post-image\" alt=\"\" \/>\t\t\t\t\t\r\n\t<\/div>\r\n\t\t\r\n\t<div class=\"logo-container\">\r\n\t\t\t<img loading=\"lazy\" decoding=\"async\" width=\"145\" height=\"145\" src=\"http:\/\/lettera.es\/wp-content\/uploads\/2018\/01\/LOGO-GRUPO-SM.jpg\" class=\"attachment-full size-full wp-post-image\" alt=\"\" \/>\t\t\t\t\t\r\n\t<\/div>\r\n\t\t\r\n\t<div class=\"logo-container\">\r\n\t\t\t<img loading=\"lazy\" decoding=\"async\" width=\"145\" height=\"145\" src=\"http:\/\/lettera.es\/wp-content\/uploads\/2018\/01\/ENGELS-VOLKERS.jpg\" class=\"attachment-full size-full wp-post-image\" alt=\"\" \/>\t\t\t\t\t\r\n\t<\/div>\r\n\t\t\r\n\t<div class=\"logo-container\">\r\n\t\t\t<img loading=\"lazy\" decoding=\"async\" width=\"145\" height=\"145\" src=\"http:\/\/lettera.es\/wp-content\/uploads\/2018\/01\/CIRQUE-SOLEIL.jpg\" class=\"attachment-full size-full wp-post-image\" alt=\"\" \/>\t\t\t\t\t\r\n\t<\/div>\r\n\t\t\r\n\t<div class=\"logo-container\">\r\n\t\t\t<img loading=\"lazy\" decoding=\"async\" width=\"145\" height=\"145\" src=\"http:\/\/lettera.es\/wp-content\/uploads\/2018\/01\/herreros.png\" class=\"attachment-full size-full wp-post-image\" alt=\"\" \/>\t\t\t\t\t\r\n\t<\/div>\r\n\t\t\r\n\t<div class=\"logo-container\">\r\n\t\t\t<img loading=\"lazy\" decoding=\"async\" width=\"145\" height=\"145\" src=\"http:\/\/lettera.es\/wp-content\/uploads\/2018\/01\/patrimonio-mundial-just-travel-turismo.jpg\" class=\"attachment-full size-full wp-post-image\" alt=\"\" \/>\t\t\t\t\t\r\n\t<\/div>\r\n\t\t\r\n\t<div class=\"logo-container\">\r\n\t\t\t<img loading=\"lazy\" decoding=\"async\" width=\"145\" height=\"145\" src=\"http:\/\/lettera.es\/wp-content\/uploads\/2018\/01\/engie-logo.jpg\" class=\"attachment-full size-full wp-post-image\" alt=\"\" \/>\t\t\t\t\t\r\n\t<\/div>\r\n\t\t\r\n\t<div class=\"logo-container\">\r\n\t\t\t<img loading=\"lazy\" decoding=\"async\" width=\"145\" height=\"145\" src=\"http:\/\/lettera.es\/wp-content\/uploads\/2018\/01\/fiestahotelgroup.jpg\" class=\"attachment-full size-full wp-post-image\" alt=\"\" \/>\t\t\t\t\t\r\n\t<\/div>\r\n\t\t\r\n\t<div class=\"logo-container\">\r\n\t\t\t<img loading=\"lazy\" decoding=\"async\" width=\"145\" height=\"145\" src=\"http:\/\/lettera.es\/wp-content\/uploads\/2018\/01\/EricssonLogo.jpg\" class=\"attachment-full size-full wp-post-image\" alt=\"\" \/>\t\t\t\t\t\r\n\t<\/div>\r\n\t\t\r\n\t<div class=\"logo-container\">\r\n\t\t\t<img loading=\"lazy\" decoding=\"async\" width=\"145\" height=\"145\" src=\"http:\/\/lettera.es\/wp-content\/uploads\/2018\/01\/Actavis_logo.jpg\" class=\"attachment-full size-full wp-post-image\" alt=\"\" \/>\t\t\t\t\t\r\n\t<\/div>\r\n\t\t\r\n\t<div class=\"logo-container\">\r\n\t\t\t<img loading=\"lazy\" decoding=\"async\" width=\"145\" height=\"145\" src=\"http:\/\/lettera.es\/wp-content\/uploads\/2018\/01\/kuehnundpartner.jpg\" class=\"attachment-full size-full wp-post-image\" alt=\"\" \/>\t\t\t\t\t\r\n\t<\/div>\r\n\t\t\r\n\t<div class=\"logo-container\">\r\n\t\t\t<img loading=\"lazy\" decoding=\"async\" width=\"145\" height=\"145\" src=\"http:\/\/lettera.es\/wp-content\/uploads\/2018\/01\/logo_ambrogio.png\" class=\"attachment-full size-full wp-post-image\" alt=\"\" \/>\t\t\t\t\t\r\n\t<\/div>\r\n\t\t\r\n\t<div class=\"logo-container\">\r\n\t\t\t<img loading=\"lazy\" decoding=\"async\" width=\"145\" height=\"145\" src=\"http:\/\/lettera.es\/wp-content\/uploads\/2018\/01\/logo_mrw.jpg\" class=\"attachment-full size-full wp-post-image\" alt=\"\" \/>\t\t\t\t\t\r\n\t<\/div>\r\n\t\t\r\n\t<div class=\"logo-container\">\r\n\t\t\t<img loading=\"lazy\" decoding=\"async\" width=\"145\" height=\"145\" src=\"http:\/\/lettera.es\/wp-content\/uploads\/2018\/01\/Twitter.jpg\" class=\"attachment-full size-full wp-post-image\" alt=\"\" \/>\t\t\t\t\t\r\n\t<\/div>\r\n\t\t\r\n\t<div class=\"logo-container\">\r\n\t\t\t<img loading=\"lazy\" decoding=\"async\" width=\"145\" height=\"145\" src=\"http:\/\/lettera.es\/wp-content\/uploads\/2018\/01\/numero74-logo.jpg\" class=\"attachment-full size-full wp-post-image\" alt=\"\" \/>\t\t\t\t\t\r\n\t<\/div>\r\n\t\t\r\n\t<div class=\"logo-container\">\r\n\t\t\t<img loading=\"lazy\" decoding=\"async\" width=\"145\" height=\"145\" src=\"http:\/\/lettera.es\/wp-content\/uploads\/2018\/01\/T-systems.jpg\" class=\"attachment-full size-full wp-post-image\" alt=\"\" \/>\t\t\t\t\t\r\n\t<\/div>\r\n\t\t\r\n\t<div class=\"logo-container\">\r\n\t\t\t<img loading=\"lazy\" decoding=\"async\" width=\"145\" height=\"145\" src=\"http:\/\/lettera.es\/wp-content\/uploads\/2018\/01\/bt-logo-square.jpg\" class=\"attachment-full size-full wp-post-image\" alt=\"\" \/>\t\t\t\t\t\r\n\t<\/div>\r\n\t\t\r\n\t<div class=\"logo-container\">\r\n\t\t\t<img loading=\"lazy\" decoding=\"async\" width=\"145\" height=\"145\" src=\"http:\/\/lettera.es\/wp-content\/uploads\/2018\/01\/infibail-logo.jpg\" class=\"attachment-full size-full wp-post-image\" alt=\"\" \/>\t\t\t\t\t\r\n\t<\/div>\r\n\t\t\r\n\t<div class=\"logo-container\">\r\n\t\t\t<img loading=\"lazy\" decoding=\"async\" width=\"145\" height=\"145\" src=\"http:\/\/lettera.es\/wp-content\/uploads\/2018\/01\/logo_garrigues.jpg\" class=\"attachment-full size-full wp-post-image\" alt=\"\" \/>\t\t\t\t\t\r\n\t<\/div>\r\n\t\t\r\n\t<div class=\"logo-container\">\r\n\t\t\t<img loading=\"lazy\" decoding=\"async\" width=\"145\" height=\"145\" src=\"http:\/\/lettera.es\/wp-content\/uploads\/2018\/01\/logo-la-caixa.jpg\" class=\"attachment-full size-full wp-post-image\" alt=\"\" \/>\t\t\t\t\t\r\n\t<\/div>\r\n\t\t\r\n\t<div class=\"logo-container\">\r\n\t\t\t<img loading=\"lazy\" decoding=\"async\" width=\"145\" height=\"145\" src=\"http:\/\/lettera.es\/wp-content\/uploads\/2018\/01\/momentum-investments-logo.jpg\" class=\"attachment-full size-full wp-post-image\" alt=\"\" \/>\t\t\t\t\t\r\n\t<\/div>\r\n\t\t\r\n\t<div class=\"logo-container\">\r\n\t\t\t<img loading=\"lazy\" decoding=\"async\" width=\"145\" height=\"145\" src=\"http:\/\/lettera.es\/wp-content\/uploads\/2018\/01\/ABB-1.jpg\" class=\"attachment-full size-full wp-post-image\" alt=\"\" \/>\t\t\t\t\t\r\n\t<\/div>\r\n\t\t\r\n\t<div class=\"logo-container\">\r\n\t\t\t<img loading=\"lazy\" decoding=\"async\" width=\"145\" height=\"145\" src=\"http:\/\/lettera.es\/wp-content\/uploads\/2018\/01\/logaguas-mancha.jpg\" class=\"attachment-full size-full wp-post-image\" alt=\"\" \/>\t\t\t\t\t\r\n\t<\/div>\r\n\t\t\r\n\t<div class=\"logo-container\">\r\n\t\t\t<img loading=\"lazy\" decoding=\"async\" width=\"145\" height=\"145\" src=\"http:\/\/lettera.es\/wp-content\/uploads\/2018\/01\/orange-logo.jpg\" class=\"attachment-full size-full wp-post-image\" alt=\"\" \/>\t\t\t\t\t\r\n\t<\/div>\r\n\t\t\r\n\t<div class=\"logo-container\">\r\n\t\t\t<img loading=\"lazy\" decoding=\"async\" width=\"145\" height=\"145\" src=\"http:\/\/lettera.es\/wp-content\/uploads\/2018\/01\/Logo-de-Endesa.jpg\" class=\"attachment-full size-full wp-post-image\" alt=\"\" \/>\t\t\t\t\t\r\n\t<\/div>\r\n\t\t\r\n\t<div class=\"logo-container\">\r\n\t\t\t<img loading=\"lazy\" decoding=\"async\" width=\"145\" height=\"145\" src=\"http:\/\/lettera.es\/wp-content\/uploads\/2018\/01\/MARCH.jpg\" class=\"attachment-full size-full wp-post-image\" alt=\"\" \/>\t\t\t\t\t\r\n\t<\/div>\r\n\t\t\r\n\t<div class=\"logo-container\">\r\n\t\t\t\t\t\t\t\t\r\n\t<\/div>\r\n\t\t\r\n\t<div class=\"logo-container\">\r\n\t\t\t<img loading=\"lazy\" decoding=\"async\" width=\"145\" height=\"145\" src=\"http:\/\/lettera.es\/wp-content\/uploads\/2018\/01\/Logo-La-F\u00e1brica.png\" class=\"attachment-full size-full wp-post-image\" alt=\"\" \/>\t\t\t\t\t\r\n\t<\/div>\r\n\t\t\r\n\t<div class=\"logo-container\">\r\n\t\t\t<img loading=\"lazy\" decoding=\"async\" width=\"145\" height=\"145\" src=\"http:\/\/lettera.es\/wp-content\/uploads\/2018\/01\/Santander.jpg\" class=\"attachment-full size-full wp-post-image\" alt=\"\" \/>\t\t\t\t\t\r\n\t<\/div>\r\n\t\t\r\n\t<div class=\"logo-container\">\r\n\t\t\t<img loading=\"lazy\" decoding=\"async\" width=\"145\" height=\"145\" src=\"http:\/\/lettera.es\/wp-content\/uploads\/2018\/01\/logo_club_excelencia.jpg\" class=\"attachment-full size-full wp-post-image\" alt=\"\" \/>\t\t\t\t\t\r\n\t<\/div>\r\n\t\t\r\n\t<div class=\"logo-container\">\r\n\t\t\t<img loading=\"lazy\" decoding=\"async\" width=\"145\" height=\"145\" src=\"http:\/\/lettera.es\/wp-content\/uploads\/2018\/01\/comsa.png\" class=\"attachment-full size-full wp-post-image\" alt=\"\" \/>\t\t\t\t\t\r\n\t<\/div>\r\n\t\t\r\n\t<div class=\"logo-container\">\r\n\t\t\t<img loading=\"lazy\" decoding=\"async\" width=\"145\" height=\"145\" src=\"http:\/\/lettera.es\/wp-content\/uploads\/2018\/01\/lander_logo.gif\" class=\"attachment-full size-full wp-post-image\" alt=\"\" \/>\t\t\t\t\t\r\n\t<\/div>\r\n\t\t\r\n\t<div class=\"logo-container\">\r\n\t\t\t<img loading=\"lazy\" decoding=\"async\" width=\"145\" height=\"145\" src=\"http:\/\/lettera.es\/wp-content\/uploads\/2018\/01\/logo_rba.jpg\" class=\"attachment-full size-full wp-post-image\" alt=\"\" \/>\t\t\t\t\t\r\n\t<\/div>\r\n\t\t\r\n\t<div class=\"logo-container\">\r\n\t\t\t<img loading=\"lazy\" decoding=\"async\" width=\"145\" height=\"145\" src=\"http:\/\/lettera.es\/wp-content\/uploads\/2018\/01\/prodigioso-volc\u00e1n.png\" class=\"attachment-full size-full wp-post-image\" alt=\"\" \/>\t\t\t\t\t\r\n\t<\/div>\r\n\t\t  <\/div>\r\n\t<br \/>\n&nbsp;<\/p>\n<p>UK French German Italian Embassies and Consulates, UNESCO, ABB Espa\u00f1a, Accenture, Deutsche Telekom, Endesa, Ericsson Espa\u00f1a, Holcim Espa\u00f1a, MRW, Orange Espa\u00f1a, Red El\u00e9ctrica de Espa\u00f1a, T-Systems, Vodafone Espa\u00f1a, GDF Suez, RBA Ediciones, Grupo SM, Engel&#038;V\u00f6lkers, K\u00fchn&#038;Partner, Ouwehand&#038;Wall, Stirling Ackroyd, Magistrates Courts, Notaries, Bird&#038;Bird London, Garrigues, Spanish Treasury, Spanish Justice Department, CSI Leasing Inc., Actavis, Aguas de Castilla la Mancha, Deutsche Bank, Solbank, La Caixa, British Telecom, Chambers of Commerce, Town Councils, Fiesta Hotel Group, TUI, Local Government, (Mobility and Environment, Social and Health Policy, Transports, Minor Protection, Social Welfare and Youth, Tourist Promotion), Arturo Berned, Arquitecto Jaime Serra Atlant del Vent, Santiago Medina Abogados, Roig Riera Abogados, Thedens abogados, YGT Abogados, etc.<\/p>\n","protected":false},"excerpt":{"rendered":"<p>&nbsp; &nbsp; UK French German Italian Embassies and Consulates, UNESCO, ABB Espa\u00f1a, Accenture, Deutsche Telekom, Endesa, Ericsson Espa\u00f1a, Holcim Espa\u00f1a, MRW, Orange Espa\u00f1a, Red El\u00e9ctrica de Espa\u00f1a, T-Systems, Vodafone Espa\u00f1a, GDF Suez, RBA Ediciones, Grupo SM, Engel&#038;V\u00f6lkers, K\u00fchn&#038;Partner, Ouwehand&#038;Wall, Stirling Ackroyd, Magistrates Courts, Notaries, Bird&#038;Bird London, Garrigues, Spanish Treasury, Spanish Justice Department, CSI Leasing Inc., [&hellip;]<\/p>\n","protected":false},"author":1,"featured_media":0,"parent":0,"menu_order":0,"comment_status":"closed","ping_status":"closed","template":"page-full_width.php","meta":{"footnotes":""},"_links":{"self":[{"href":"http:\/\/lettera.es\/en\/wp-json\/wp\/v2\/pages\/8"}],"collection":[{"href":"http:\/\/lettera.es\/en\/wp-json\/wp\/v2\/pages"}],"about":[{"href":"http:\/\/lettera.es\/en\/wp-json\/wp\/v2\/types\/page"}],"author":[{"embeddable":true,"href":"http:\/\/lettera.es\/en\/wp-json\/wp\/v2\/users\/1"}],"replies":[{"embeddable":true,"href":"http:\/\/lettera.es\/en\/wp-json\/wp\/v2\/comments?post=8"}],"version-history":[{"count":6,"href":"http:\/\/lettera.es\/en\/wp-json\/wp\/v2\/pages\/8\/revisions"}],"predecessor-version":[{"id":217,"href":"http:\/\/lettera.es\/en\/wp-json\/wp\/v2\/pages\/8\/revisions\/217"}],"wp:attachment":[{"href":"http:\/\/lettera.es\/en\/wp-json\/wp\/v2\/media?parent=8"}],"curies":[{"name":"wp","href":"https:\/\/api.w.org\/{rel}","templated":true}]}}